{"id":35,"date":"2021-02-15T14:09:19","date_gmt":"2021-02-15T14:09:19","guid":{"rendered":"http:\/\/gs352.scout.es\/?page_id=35"},"modified":"2021-02-15T14:09:20","modified_gmt":"2021-02-15T14:09:20","slug":"secciones-educativas","status":"publish","type":"page","link":"https:\/\/gs352.scout.es\/?page_id=35","title":{"rendered":"Secciones Educativas"},"content":{"rendered":"\n<p><img loading=\"lazy\" decoding=\"async\" width=\"800\" height=\"400\" src=\"http:\/\/gs251.scout.es\/wp-content\/uploads\/2018\/03\/festival-6.jpg\" alt=\"\"><\/p>\n\n\n\n<p>Nuestro m\u00e9todo educativo se basa en la acci\u00f3n, la responsabilidad y la confianza. A trav\u00e9s del tiempo libre, formamos a ni\u00f1os, ni\u00f1as y j\u00f3venes en varios planos: social, psicol\u00f3gica, intelectual, emocional y espiritualmente.<\/p>\n\n\n\n<p><strong>El m\u00e9todo educativo scout se define como un sistema de autoeducaci\u00f3n progresiva basado en:<\/strong><\/p>\n\n\n\n<p><strong>Educaci\u00f3n en valores:<\/strong>&nbsp;El joven establece libremente un compromiso personal ante sus compa\u00f1eros, asumiendo una responsabilidad: social, personal, \u00e9tica\u2026 resumidos en la promesa y la Ley Scout.<\/p>\n\n\n\n<p><strong>Aprender haciendo:&nbsp;<\/strong>La educaci\u00f3n por la acci\u00f3n y la propia experiencia. El aprendizaje se hace a trav\u00e9s de la observaci\u00f3n, la experimentaci\u00f3n y la actividad personal, permitiendo a los participantes realizar acciones por s\u00ed mismos y adquirir experiencias personales. Se pone en pr\u00e1ctica la educaci\u00f3n por la acci\u00f3n mediante la aplicaci\u00f3n de la metodolog\u00eda del proyecto: educaci\u00f3n activa y empleo del juego como oportunidad \u00f3ptima de experimentar, aventurar, imaginar, so\u00f1ar, proyectar, crear y recrear la realidad.<\/p>\n\n\n\n<p><strong>La vida en peque\u00f1os grupos:<\/strong>&nbsp;El peque\u00f1o grupo socializa, identifica a sus miembros con los objetivos de las actividades y permite profundizar en el conocimiento mutuo. Todo ello posibilita la participaci\u00f3n, el aprendizaje y la asunci\u00f3n de responsabilidades. As\u00ed se crea un espacio educativo y de confianza en uno mismo privilegiado para crecer y desarrollarse.<\/p>\n\n\n\n<p><strong>Con la ayuda de adultos:<\/strong>&nbsp;La presencia de un adulto capacitado, que se incorpore a la vida del equipo proponiendo, revelando y ayudando a descubrir, facilita el di\u00e1logo y la cooperaci\u00f3n, invitando al grupo a producir lo mejor de s\u00ed mismo.<\/p>\n\n\n\n<p><strong>La asunci\u00f3n paulatina de responsabilidades en el propio desarrollo:<\/strong>&nbsp;La vivencia de la participaci\u00f3n en diversas actividades, asumiendo responsabilidades consigo mismo y con el grupo, ayuda al establecimiento de un compromiso personal libremente aceptado, en el que se basa el \u00e9xito del equipo.<\/p>\n\n\n\n<p><strong>La formaci\u00f3n autogestionada:<\/strong>&nbsp;Cada joven participa en su propio proceso de desarrollo, formando parte activa de las diferentes etapas en las que se determina el Programa Educativo Scout.<\/p>\n\n\n\n<p><strong>Unos programas progresivos y atrayentes:<\/strong>&nbsp;La presentaci\u00f3n de t\u00e9cnicas atrayentes que se aprenden ejecut\u00e1ndolas, permite estimular el desarrollo de las aptitudes, motivar una futura vocaci\u00f3n y colaborar en la formaci\u00f3n de la persona, aportando la seguridad que implica el manejo de una destreza.<\/p>\n\n\n\n<p><strong>La variedad y los centros de inter\u00e9s:<\/strong>&nbsp;A trav\u00e9s de ellos, ni\u00f1os\/as y j\u00f3venes se relacionan con el mundo, descubren sus capacidades y las de los dem\u00e1s, el valor de la cooperaci\u00f3n y el esp\u00edritu de equipo, descubriendo de un modo alegre lo que juntos pueden hacer.<\/p>\n\n\n\n<p><strong>El contacto directo y continuado con la naturaleza:<\/strong>&nbsp;El descubrimiento de la naturaleza estimula la creatividad, crea v\u00ednculos entre los miembros del grupo, favorece la comprensi\u00f3n de la vida en sociedad y permite valorar la vida sencilla y los ritmos naturales.<\/p>\n","protected":false},"excerpt":{"rendered":"<p>Nuestro m\u00e9todo educativo se basa en la acci\u00f3n, la responsabilidad y la confianza. A trav\u00e9s del tiempo libre, formamos a ni\u00f1os, ni\u00f1as y j\u00f3venes en varios planos: social, psicol\u00f3gica, intelectual, emocional y espiritualmente. El m\u00e9todo educativo scout se define como un sistema de autoeducaci\u00f3n progresiva basado en: Educaci\u00f3n en valores:&nbsp;El joven establece libremente un compromiso [&hellip;]<\/p>\n","protected":false},"author":1,"featured_media":0,"parent":0,"menu_order":0,"comment_status":"closed","ping_status":"closed","template":"","meta":{"footnotes":""},"class_list":["post-35","page","type-page","status-publish","hentry"],"_links":{"self":[{"href":"https:\/\/gs352.scout.es\/index.php?rest_route=\/wp\/v2\/pages\/35","targetHints":{"allow":["GET"]}}],"collection":[{"href":"https:\/\/gs352.scout.es\/index.php?rest_route=\/wp\/v2\/pages"}],"about":[{"href":"https:\/\/gs352.scout.es\/index.php?rest_route=\/wp\/v2\/types\/page"}],"author":[{"embeddable":true,"href":"https:\/\/gs352.scout.es\/index.php?rest_route=\/wp\/v2\/users\/1"}],"replies":[{"embeddable":true,"href":"https:\/\/gs352.scout.es\/index.php?rest_route=%2Fwp%2Fv2%2Fcomments&post=35"}],"version-history":[{"count":1,"href":"https:\/\/gs352.scout.es\/index.php?rest_route=\/wp\/v2\/pages\/35\/revisions"}],"predecessor-version":[{"id":36,"href":"https:\/\/gs352.scout.es\/index.php?rest_route=\/wp\/v2\/pages\/35\/revisions\/36"}],"wp:attachment":[{"href":"https:\/\/gs352.scout.es\/index.php?rest_route=%2Fwp%2Fv2%2Fmedia&parent=35"}],"curies":[{"name":"wp","href":"https:\/\/api.w.org\/{rel}","templated":true}]}}